{"id":81,"date":"2025-05-31T23:11:16","date_gmt":"2025-05-31T21:11:16","guid":{"rendered":"https:\/\/xn--reflexvst-12a.se\/?post_type=product&#038;p=81"},"modified":"2025-05-31T23:11:31","modified_gmt":"2025-05-31T21:11:31","slug":"reflexvast-basic-3","status":"publish","type":"product","link":"https:\/\/xn--reflexvst-12a.se\/index.php\/product\/reflexvast-basic-3\/","title":{"rendered":"Reflexv\u00e4st Basic"},"content":{"rendered":"<p>Rosa reflexv\u00e4st med kardborrekn\u00e4ppning fram.<\/p>\n<p>M\u00f6jlighet till enf\u00e4rgat tryck p\u00e5 rygg och br\u00f6st.<\/p>\n","protected":false},"excerpt":{"rendered":"<p>Rosa reflexv\u00e4st med kardborrekn\u00e4ppning fram. M\u00f6jlighet till enf\u00e4rgat tryck p\u00e5 rygg och br\u00f6st.<\/p>\n","protected":false},"featured_media":77,"comment_status":"open","ping_status":"closed","template":"","meta":[],"product_brand":[],"product_cat":[15],"product_tag":[],"class_list":{"0":"post-81","1":"product","2":"type-product","3":"status-publish","4":"has-post-thumbnail","6":"product_cat-uncategorized","8":"first","9":"instock","10":"shipping-taxable","11":"purchasable","12":"product-type-simple"},"_links":{"self":[{"href":"https:\/\/xn--reflexvst-12a.se\/index.php\/wp-json\/wp\/v2\/product\/81","targetHints":{"allow":["GET"]}}],"collection":[{"href":"https:\/\/xn--reflexvst-12a.se\/index.php\/wp-json\/wp\/v2\/product"}],"about":[{"href":"https:\/\/xn--reflexvst-12a.se\/index.php\/wp-json\/wp\/v2\/types\/product"}],"replies":[{"embeddable":true,"href":"https:\/\/xn--reflexvst-12a.se\/index.php\/wp-json\/wp\/v2\/comments?post=81"}],"wp:featuredmedia":[{"embeddable":true,"href":"https:\/\/xn--reflexvst-12a.se\/index.php\/wp-json\/wp\/v2\/media\/77"}],"wp:attachment":[{"href":"https:\/\/xn--reflexvst-12a.se\/index.php\/wp-json\/wp\/v2\/media?parent=81"}],"wp:term":[{"taxonomy":"product_brand","embeddable":true,"href":"https:\/\/xn--reflexvst-12a.se\/index.php\/wp-json\/wp\/v2\/product_brand?post=81"},{"taxonomy":"product_cat","embeddable":true,"href":"https:\/\/xn--reflexvst-12a.se\/index.php\/wp-json\/wp\/v2\/product_cat?post=81"},{"taxonomy":"product_tag","embeddable":true,"href":"https:\/\/xn--reflexvst-12a.se\/index.php\/wp-json\/wp\/v2\/product_tag?post=81"}],"curies":[{"name":"wp","href":"https:\/\/api.w.org\/{rel}","templated":true}]}}